{"id":4268,"date":"2018-06-18T06:58:10","date_gmt":"2018-06-18T09:58:10","guid":{"rendered":"https:\/\/usinapalmares.com.br\/index.php\/contact\/"},"modified":"2021-09-20T11:08:11","modified_gmt":"2021-09-20T14:08:11","slug":"contact","status":"publish","type":"page","link":"https:\/\/usinapalmares.com.br\/index.php\/contact\/","title":{"rendered":"Contato"},"content":{"rendered":"\t\t<div data-elementor-type=\"wp-post\" data-elementor-id=\"4268\" class=\"elementor elementor-4268\" data-elementor-settings=\"[]\">\n\t\t\t\t\t\t\t<div class=\"elementor-section-wrap\">\n\t\t\t\t\t\t\t<section class=\"elementor-section elementor-top-section elementor-element elementor-element-f47433e elementor-section-content-middle elementor-section-boxed elementor-section-height-default elementor-section-height-default\" data-id=\"f47433e\" data-element_type=\"section\" data-settings=\"{&quot;background_background&quot;:&quot;classic&quot;}\">\n\t\t\t\t\t\t\t<div class=\"elementor-background-overlay\"><\/div>\n\t\t\t\t\t\t\t<div class=\"elementor-container elementor-column-gap-default\">\n\t\t\t\t\t<div class=\"elementor-column elementor-col-100 elementor-top-column elementor-element elementor-element-ea85081\" data-id=\"ea85081\" data-element_type=\"column\">\n\t\t\t<div class=\"elementor-widget-wrap elementor-element-populated\">\n\t\t\t\t\t\t\t\t<div class=\"elementor-element elementor-element-ad386b6 elementor-widget elementor-widget-heading\" data-id=\"ad386b6\" data-element_type=\"widget\" data-widget_type=\"heading.default\">\n\t\t\t\t<div class=\"elementor-widget-container\">\n\t\t\t<h1 class=\"elementor-heading-title elementor-size-default\">Fale Conosco<\/h1>\t\t<\/div>\n\t\t\t\t<\/div>\n\t\t\t\t\t<\/div>\n\t\t<\/div>\n\t\t\t\t\t\t\t<\/div>\n\t\t<\/section>\n\t\t\t\t<section class=\"elementor-section elementor-top-section elementor-element elementor-element-fa28548 elementor-section-content-middle elementor-section-height-min-height elementor-section-boxed elementor-section-height-default elementor-section-items-middle\" data-id=\"fa28548\" data-element_type=\"section\" data-settings=\"{&quot;background_background&quot;:&quot;classic&quot;}\">\n\t\t\t\t\t\t<div class=\"elementor-container elementor-column-gap-default\">\n\t\t\t\t\t<div class=\"elementor-column elementor-col-100 elementor-top-column elementor-element elementor-element-b9a68d1\" data-id=\"b9a68d1\" data-element_type=\"column\" data-settings=\"{&quot;background_background&quot;:&quot;classic&quot;}\">\n\t\t\t<div class=\"elementor-widget-wrap elementor-element-populated\">\n\t\t\t\t\t\t\t\t<div class=\"elementor-element elementor-element-19b320b elementor-widget elementor-widget-image\" data-id=\"19b320b\" data-element_type=\"widget\" data-widget_type=\"image.default\">\n\t\t\t\t<div class=\"elementor-widget-container\">\n\t\t\t\t\t\t\t\t\t\t\t\t\t\t\t<img width=\"209\" height=\"90\" src=\"https:\/\/usinapalmares.com.br\/wp-content\/uploads\/2021\/03\/basil-leaf.png\" class=\"attachment-full size-full\" alt=\"\" decoding=\"async\" loading=\"lazy\" \/>\t\t\t\t\t\t\t\t\t\t\t\t\t\t\t<\/div>\n\t\t\t\t<\/div>\n\t\t\t\t<section class=\"elementor-section elementor-inner-section elementor-element elementor-element-409d7f8 elementor-section-boxed elementor-section-height-default elementor-section-height-default\" data-id=\"409d7f8\" data-element_type=\"section\">\n\t\t\t\t\t\t<div class=\"elementor-container elementor-column-gap-default\">\n\t\t\t\t\t<div class=\"elementor-column elementor-col-100 elementor-inner-column elementor-element elementor-element-7dc10bf\" data-id=\"7dc10bf\" data-element_type=\"column\">\n\t\t\t<div class=\"elementor-widget-wrap elementor-element-populated\">\n\t\t\t\t\t\t\t\t<div class=\"elementor-element elementor-element-e2d1f86 elementor-widget elementor-widget-wp-widget-wpforms-widget\" data-id=\"e2d1f86\" data-element_type=\"widget\" data-widget_type=\"wp-widget-wpforms-widget.default\">\n\t\t\t\t<div class=\"elementor-widget-container\">\n\t\t\t<div class=\"wpforms-container \" id=\"wpforms-4447\"><form id=\"wpforms-form-4447\" class=\"wpforms-validate wpforms-form\" data-formid=\"4447\" method=\"post\" enctype=\"multipart\/form-data\" action=\"\/index.php\/wp-json\/wp\/v2\/pages\/4268\" data-token=\"3fee327bc8faceb119bd687a74ee27da\"><noscript class=\"wpforms-error-noscript\">Please enable JavaScript in your browser to complete this form.<\/noscript><div class=\"wpforms-field-container\"><div id=\"wpforms-4447-field_0-container\" class=\"wpforms-field wpforms-field-name\" data-field-id=\"0\"><label class=\"wpforms-field-label\" for=\"wpforms-4447-field_0\">Nome <span class=\"wpforms-required-label\">*<\/span><\/label><input type=\"text\" id=\"wpforms-4447-field_0\" class=\"wpforms-field-medium wpforms-field-required\" name=\"wpforms[fields][0]\" required><\/div><div id=\"wpforms-4447-field_1-container\" class=\"wpforms-field wpforms-field-email\" data-field-id=\"1\"><label class=\"wpforms-field-label\" for=\"wpforms-4447-field_1\">E-mail <span class=\"wpforms-required-label\">*<\/span><\/label><input type=\"email\" id=\"wpforms-4447-field_1\" class=\"wpforms-field-medium wpforms-field-required\" name=\"wpforms[fields][1]\" required><\/div><div id=\"wpforms-4447-field_2-container\" class=\"wpforms-field wpforms-field-textarea\" data-field-id=\"2\"><label class=\"wpforms-field-label\" for=\"wpforms-4447-field_2\">Coment\u00e1rio ou Mensagem <span class=\"wpforms-required-label\">*<\/span><\/label><textarea id=\"wpforms-4447-field_2\" class=\"wpforms-field-medium wpforms-field-required\" name=\"wpforms[fields][2]\" required><\/textarea><\/div><\/div><div class=\"wpforms-submit-container\" ><input type=\"hidden\" name=\"wpforms[id]\" value=\"4447\"><input type=\"hidden\" name=\"wpforms[author]\" value=\"1\"><button type=\"submit\" name=\"wpforms[submit]\" class=\"wpforms-submit \" id=\"wpforms-submit-4447\" value=\"wpforms-submit\" aria-live=\"assertive\" data-alt-text=\"Enviando...\" data-submit-text=\"Enviar\">Enviar<\/button><\/div><\/form><\/div>  <!-- .wpforms-container -->\t\t<\/div>\n\t\t\t\t<\/div>\n\t\t\t\t\t<\/div>\n\t\t<\/div>\n\t\t\t\t\t\t\t<\/div>\n\t\t<\/section>\n\t\t\t\t\t<\/div>\n\t\t<\/div>\n\t\t\t\t\t\t\t<\/div>\n\t\t<\/section>\n\t\t\t\t<section class=\"elementor-section elementor-top-section elementor-element elementor-element-58132c90 elementor-section-content-middle elementor-section-boxed elementor-section-height-default elementor-section-height-default\" data-id=\"58132c90\" data-element_type=\"section\" data-settings=\"{&quot;background_background&quot;:&quot;classic&quot;}\">\n\t\t\t\t\t\t\t<div class=\"elementor-background-overlay\"><\/div>\n\t\t\t\t\t\t\t<div class=\"elementor-container elementor-column-gap-no\">\n\t\t\t\t\t<div class=\"elementor-column elementor-col-100 elementor-top-column elementor-element elementor-element-f96bfa0\" data-id=\"f96bfa0\" data-element_type=\"column\">\n\t\t\t<div class=\"elementor-widget-wrap elementor-element-populated\">\n\t\t\t\t\t\t\t\t<div class=\"elementor-element elementor-element-cacf9f9 elementor-widget elementor-widget-heading\" data-id=\"cacf9f9\" data-element_type=\"widget\" data-widget_type=\"heading.default\">\n\t\t\t\t<div class=\"elementor-widget-container\">\n\t\t\t<h3 class=\"elementor-heading-title elementor-size-default\">Perguntas Frequentes:<\/h3>\t\t<\/div>\n\t\t\t\t<\/div>\n\t\t\t\t<div class=\"elementor-element elementor-element-2000b27 elementor-widget elementor-widget-image\" data-id=\"2000b27\" data-element_type=\"widget\" data-widget_type=\"image.default\">\n\t\t\t\t<div class=\"elementor-widget-container\">\n\t\t\t\t\t\t\t\t\t\t\t\t\t\t\t<img width=\"75\" height=\"33\" src=\"https:\/\/usinapalmares.com.br\/wp-content\/uploads\/2019\/07\/logo-leaf-new.png\" class=\"attachment-large size-large\" alt=\"\" decoding=\"async\" loading=\"lazy\" \/>\t\t\t\t\t\t\t\t\t\t\t\t\t\t\t<\/div>\n\t\t\t\t<\/div>\n\t\t\t\t<section class=\"elementor-section elementor-inner-section elementor-element elementor-element-3a79a24 elementor-section-boxed elementor-section-height-default elementor-section-height-default\" data-id=\"3a79a24\" data-element_type=\"section\">\n\t\t\t\t\t\t<div class=\"elementor-container elementor-column-gap-default\">\n\t\t\t\t\t<div class=\"elementor-column elementor-col-50 elementor-inner-column elementor-element elementor-element-fb55ef8\" data-id=\"fb55ef8\" data-element_type=\"column\">\n\t\t\t<div class=\"elementor-widget-wrap elementor-element-populated\">\n\t\t\t\t\t\t\t\t<div class=\"elementor-element elementor-element-4229810 elementor-widget elementor-widget-toggle\" data-id=\"4229810\" data-element_type=\"widget\" data-widget_type=\"toggle.default\">\n\t\t\t\t<div class=\"elementor-widget-container\">\n\t\t\t\t\t<div class=\"elementor-toggle\" role=\"tablist\">\n\t\t\t\t\t\t\t<div class=\"elementor-toggle-item\">\n\t\t\t\t\t<div id=\"elementor-tab-title-6931\" class=\"elementor-tab-title\" data-tab=\"1\" role=\"tab\" aria-controls=\"elementor-tab-content-6931\" aria-expanded=\"false\">\n\t\t\t\t\t\t\t\t\t\t\t\t<span class=\"elementor-toggle-icon elementor-toggle-icon-right\" aria-hidden=\"true\">\n\t\t\t\t\t\t\t\t\t\t\t\t\t\t\t<span class=\"elementor-toggle-icon-closed\"><i class=\"fas fa-caret-right\"><\/i><\/span>\n\t\t\t\t\t\t\t\t<span class=\"elementor-toggle-icon-opened\"><i class=\"elementor-toggle-icon-opened fas fa-caret-up\"><\/i><\/span>\n\t\t\t\t\t\t\t\t\t\t\t\t\t<\/span>\n\t\t\t\t\t\t\t\t\t\t\t\t<a href=\"\" class=\"elementor-toggle-title\">Qual a diferen\u00e7a entre A\u00e7\u00facar, Glicose e Sacarose?<\/a>\n\t\t\t\t\t<\/div>\n\t\t\t\t\t<div id=\"elementor-tab-content-6931\" class=\"elementor-tab-content elementor-clearfix\" data-tab=\"1\" role=\"tabpanel\" aria-labelledby=\"elementor-tab-title-6931\"><p>O\u00a0<b>a\u00e7\u00facar<\/b>\u00a0\u00e9 um carboidrato natural facilmente encontrado em todas as frutas e vegetais, como no caso da cana e da beterraba, nas quais \u00e9 encontrado em grandes quantidades e de onde \u00e9 extra\u00eddo e comercializado. A\u00a0<b>glicose<\/b>\u00a0\u00e9 um carboidrato mais simples do a\u00e7\u00facar, formada por uma \u00fanica mol\u00e9cula, nosso organismo obt\u00e9m a glicose (tamb\u00e9m chamado de \u201ca\u00e7\u00facar do sangue\u201d) ao digerir hidratos de carbono simples e complexos. J\u00e1 a\u00a0<b>sacarose<\/b>\u00a0consiste em uma mol\u00e9cula de glicose e uma de frutose, encontrada em todas as plantas, e ao ser extra\u00eddo produz o a\u00e7\u00facar que ingerimos diariamente.<\/p><\/div>\n\t\t\t\t<\/div>\n\t\t\t\t\t\t\t<div class=\"elementor-toggle-item\">\n\t\t\t\t\t<div id=\"elementor-tab-title-6932\" class=\"elementor-tab-title\" data-tab=\"2\" role=\"tab\" aria-controls=\"elementor-tab-content-6932\" aria-expanded=\"false\">\n\t\t\t\t\t\t\t\t\t\t\t\t<span class=\"elementor-toggle-icon elementor-toggle-icon-right\" aria-hidden=\"true\">\n\t\t\t\t\t\t\t\t\t\t\t\t\t\t\t<span class=\"elementor-toggle-icon-closed\"><i class=\"fas fa-caret-right\"><\/i><\/span>\n\t\t\t\t\t\t\t\t<span class=\"elementor-toggle-icon-opened\"><i class=\"elementor-toggle-icon-opened fas fa-caret-up\"><\/i><\/span>\n\t\t\t\t\t\t\t\t\t\t\t\t\t<\/span>\n\t\t\t\t\t\t\t\t\t\t\t\t<a href=\"\" class=\"elementor-toggle-title\">Quais os principais tipos de a\u00e7\u00facar?<\/a>\n\t\t\t\t\t<\/div>\n\t\t\t\t\t<div id=\"elementor-tab-content-6932\" class=\"elementor-tab-content elementor-clearfix\" data-tab=\"2\" role=\"tabpanel\" aria-labelledby=\"elementor-tab-title-6932\"><p>Os tipos de a\u00e7\u00facar mais comuns em termos de comercializa\u00e7\u00e3o e consumo s\u00e3o:<\/p><p>\u2022\u00a0Refinado:\u00a0\u00e9 o tipo mais consumido, possui apar\u00eancia clara e uniforme, espessura fina de f\u00e1cil uso em todas as sobremesas e bebidas.<\/p><p>\u2022\u00a0Confeiteiro:\u00a0conhecido como gla\u00e7\u00facar, de espessura ultrafina ideal para decorar doces finos e tortas.<\/p><p>\u2022\u00a0Cristal:\u00a0granulado e mais transparente, de dif\u00edcil dissolu\u00e7\u00e3o, possui t\u00e9cnica de refinamento mais leve.<\/p><p>\u2022\u00a0Org\u00e2nico:\u00a0cristais mais grossos e escuros. N\u00e3o recebe a introdu\u00e7\u00e3o de agrot\u00f3xicos ou qualquer aditivo qu\u00edmico em sua formula\u00e7\u00e3o.<\/p><p>\u2022\u00a0Mascavo:\u00a0\u00e9 mais \u00famido, com tonalidade de caramelo e sabor semelhante ao da rapadura. Alta qualidade nutricional, pois n\u00e3o passa pelo processo de refinamento comum e, portanto conserva os nutrientes como o ferro e o c\u00e1lcio.<\/p><p>\u2022\u00a0Light:\u00a0combina a\u00e7\u00facar refinado aos ado\u00e7antes artificiais. Tem menos calorias, entretanto ado\u00e7a at\u00e9 quatro vezes mais do que o a\u00e7\u00facar comum.<\/p><\/div>\n\t\t\t\t<\/div>\n\t\t\t\t\t\t\t<div class=\"elementor-toggle-item\">\n\t\t\t\t\t<div id=\"elementor-tab-title-6933\" class=\"elementor-tab-title\" data-tab=\"3\" role=\"tab\" aria-controls=\"elementor-tab-content-6933\" aria-expanded=\"false\">\n\t\t\t\t\t\t\t\t\t\t\t\t<span class=\"elementor-toggle-icon elementor-toggle-icon-right\" aria-hidden=\"true\">\n\t\t\t\t\t\t\t\t\t\t\t\t\t\t\t<span class=\"elementor-toggle-icon-closed\"><i class=\"fas fa-caret-right\"><\/i><\/span>\n\t\t\t\t\t\t\t\t<span class=\"elementor-toggle-icon-opened\"><i class=\"elementor-toggle-icon-opened fas fa-caret-up\"><\/i><\/span>\n\t\t\t\t\t\t\t\t\t\t\t\t\t<\/span>\n\t\t\t\t\t\t\t\t\t\t\t\t<a href=\"\" class=\"elementor-toggle-title\">O que \u00e9 Etanol?<\/a>\n\t\t\t\t\t<\/div>\n\t\t\t\t\t<div id=\"elementor-tab-content-6933\" class=\"elementor-tab-content elementor-clearfix\" data-tab=\"3\" role=\"tabpanel\" aria-labelledby=\"elementor-tab-title-6933\"><p>Tamb\u00e9m denominado como \u00e1lcool et\u00edlico, o etanol \u00e9 o mais comum dos alco\u00f3is, caracterizado pelo composto org\u00e2nico (CH3CH2OH). Trata-se de um l\u00edquido incolor, inflam\u00e1vel, vol\u00e1til, \u00e9 sol\u00favel na \u00e1gua e possui cheiro e sabor caracter\u00edsticos. Sua formula\u00e7\u00e3o \u00e9 obtida a partir da fermenta\u00e7\u00e3o de a\u00e7\u00facares, tal como a sacarose extra\u00edda da cana, por meio de processos sint\u00e9ticos com base na hidrata\u00e7\u00e3o do etileno.<\/p><\/div>\n\t\t\t\t<\/div>\n\t\t\t\t\t\t\t\t<\/div>\n\t\t\t\t<\/div>\n\t\t\t\t<\/div>\n\t\t\t\t\t<\/div>\n\t\t<\/div>\n\t\t\t\t<div class=\"elementor-column elementor-col-50 elementor-inner-column elementor-element elementor-element-d08f222\" data-id=\"d08f222\" data-element_type=\"column\">\n\t\t\t<div class=\"elementor-widget-wrap\">\n\t\t\t\t\t\t\t\t\t<\/div>\n\t\t<\/div>\n\t\t\t\t\t\t\t<\/div>\n\t\t<\/section>\n\t\t\t\t\t<\/div>\n\t\t<\/div>\n\t\t\t\t\t\t\t<\/div>\n\t\t<\/section>\n\t\t\t\t\t\t<\/div>\n\t\t\t\t\t<\/div>\n\t\t","protected":false},"excerpt":{"rendered":"<p>Fale Conosco Perguntas Frequentes: Qual a diferen\u00e7a entre A\u00e7\u00facar, Glicose e Sacarose? O&nbsp;a\u00e7\u00facar&nbsp;\u00e9 um carboidrato natural facilmente encontrado em todas as frutas e vegetais, como no caso da cana e da beterraba, nas quais \u00e9 encontrado em grandes quantidades e de onde \u00e9 extra\u00eddo e comercializado. A&nbsp;glicose&nbsp;\u00e9 um carboidrato mais [&hellip;]<\/p>\n","protected":false},"author":1,"featured_media":0,"parent":0,"menu_order":0,"comment_status":"closed","ping_status":"closed","template":"elementor_header_footer","meta":{"om_disable_all_campaigns":false,"_monsterinsights_skip_tracking":false,"_monsterinsights_sitenote_active":false,"_monsterinsights_sitenote_note":"","_monsterinsights_sitenote_category":0},"_links":{"self":[{"href":"https:\/\/usinapalmares.com.br\/index.php\/wp-json\/wp\/v2\/pages\/4268"}],"collection":[{"href":"https:\/\/usinapalmares.com.br\/index.php\/wp-json\/wp\/v2\/pages"}],"about":[{"href":"https:\/\/usinapalmares.com.br\/index.php\/wp-json\/wp\/v2\/types\/page"}],"author":[{"embeddable":true,"href":"https:\/\/usinapalmares.com.br\/index.php\/wp-json\/wp\/v2\/users\/1"}],"replies":[{"embeddable":true,"href":"https:\/\/usinapalmares.com.br\/index.php\/wp-json\/wp\/v2\/comments?post=4268"}],"version-history":[{"count":38,"href":"https:\/\/usinapalmares.com.br\/index.php\/wp-json\/wp\/v2\/pages\/4268\/revisions"}],"predecessor-version":[{"id":4585,"href":"https:\/\/usinapalmares.com.br\/index.php\/wp-json\/wp\/v2\/pages\/4268\/revisions\/4585"}],"wp:attachment":[{"href":"https:\/\/usinapalmares.com.br\/index.php\/wp-json\/wp\/v2\/media?parent=4268"}],"curies":[{"name":"wp","href":"https:\/\/api.w.org\/{rel}","templated":true}]}}