{"id":4554,"date":"2021-09-18T10:51:03","date_gmt":"2021-09-18T13:51:03","guid":{"rendered":"https:\/\/usinapalmares.com.br\/?page_id=4554"},"modified":"2021-09-18T11:01:47","modified_gmt":"2021-09-18T14:01:47","slug":"produtos","status":"publish","type":"page","link":"https:\/\/usinapalmares.com.br\/index.php\/produtos\/","title":{"rendered":"Produtos"},"content":{"rendered":"\t\t<div data-elementor-type=\"wp-page\" data-elementor-id=\"4554\" class=\"elementor elementor-4554\" data-elementor-settings=\"[]\">\n\t\t\t\t\t\t\t<div class=\"elementor-section-wrap\">\n\t\t\t\t\t\t\t<section class=\"elementor-section elementor-top-section elementor-element elementor-element-ddc6bf5 elementor-section-boxed elementor-section-height-default elementor-section-height-default\" data-id=\"ddc6bf5\" data-element_type=\"section\">\n\t\t\t\t\t\t<div class=\"elementor-container elementor-column-gap-default\">\n\t\t\t\t\t<div class=\"elementor-column elementor-col-50 elementor-top-column elementor-element elementor-element-c94c326\" data-id=\"c94c326\" data-element_type=\"column\">\n\t\t\t<div class=\"elementor-widget-wrap elementor-element-populated\">\n\t\t\t\t\t\t\t\t<div class=\"elementor-element elementor-element-8ab50cd elementor-widget elementor-widget-image\" data-id=\"8ab50cd\" data-element_type=\"widget\" data-widget_type=\"image.default\">\n\t\t\t\t<div class=\"elementor-widget-container\">\n\t\t\t\t\t\t\t\t\t\t\t\t\t\t\t<img width=\"715\" height=\"531\" src=\"https:\/\/usinapalmares.com.br\/wp-content\/uploads\/2021\/09\/ic150.jpg\" class=\"attachment-large size-large\" alt=\"\" decoding=\"async\" loading=\"lazy\" srcset=\"https:\/\/usinapalmares.com.br\/wp-content\/uploads\/2021\/09\/ic150.jpg 715w, https:\/\/usinapalmares.com.br\/wp-content\/uploads\/2021\/09\/ic150-300x223.jpg 300w\" sizes=\"(max-width: 715px) 100vw, 715px\" \/>\t\t\t\t\t\t\t\t\t\t\t\t\t\t\t<\/div>\n\t\t\t\t<\/div>\n\t\t\t\t\t<\/div>\n\t\t<\/div>\n\t\t\t\t<div class=\"elementor-column elementor-col-50 elementor-top-column elementor-element elementor-element-2de8587\" data-id=\"2de8587\" data-element_type=\"column\">\n\t\t\t<div class=\"elementor-widget-wrap elementor-element-populated\">\n\t\t\t\t\t\t\t\t<div class=\"elementor-element elementor-element-77ac25a elementor-widget elementor-widget-heading\" data-id=\"77ac25a\" data-element_type=\"widget\" data-widget_type=\"heading.default\">\n\t\t\t\t<div class=\"elementor-widget-container\">\n\t\t\t<h2 class=\"elementor-heading-title elementor-size-default\">A\u00e7\u00facar IC-150<\/h2>\t\t<\/div>\n\t\t\t\t<\/div>\n\t\t\t\t<div class=\"elementor-element elementor-element-cfe49e6 elementor-widget elementor-widget-text-editor\" data-id=\"cfe49e6\" data-element_type=\"widget\" data-widget_type=\"text-editor.default\">\n\t\t\t\t<div class=\"elementor-widget-container\">\n\t\t\t\t\t\t\t\t<p style=\"text-align: justify;\"><span style=\"font-size: 10.0pt; font-family: 'Verdana',sans-serif;\">O A\u00e7\u00facar Cristal 150 \u00e9 um a\u00e7\u00facar com cristais grandes e transparentes, dif\u00edceis de serem dissolvidos em \u00e1gua.<br \/>Depois do cozimento, ele passa apenas por um refinamento leve, que retira \u201cs\u00f3\u201d 90% dos sais minerais. Ele n\u00e3o muda de cor quando submetido a altas temperaturas.<br \/>E\u0301 um ac<\/span><span style=\"font-size: 10.0pt; font-family: 'Arial',sans-serif;\">\u0327<\/span><span style=\"font-size: 10.0pt; font-family: 'Verdana',sans-serif;\">u\u0301car mais elaborado. Seu aspecto branco o torna mais sofisticado. E\u0301 comercializado no mercado interno e externo.<o:p><\/o:p><\/span><\/p>\t\t\t\t\t\t<\/div>\n\t\t\t\t<\/div>\n\t\t\t\t\t<\/div>\n\t\t<\/div>\n\t\t\t\t\t\t\t<\/div>\n\t\t<\/section>\n\t\t\t\t<section class=\"elementor-section elementor-top-section elementor-element elementor-element-640085d elementor-section-boxed elementor-section-height-default elementor-section-height-default\" data-id=\"640085d\" data-element_type=\"section\">\n\t\t\t\t\t\t<div class=\"elementor-container elementor-column-gap-default\">\n\t\t\t\t\t<div class=\"elementor-column elementor-col-50 elementor-top-column elementor-element elementor-element-34efa22\" data-id=\"34efa22\" data-element_type=\"column\">\n\t\t\t<div class=\"elementor-widget-wrap elementor-element-populated\">\n\t\t\t\t\t\t\t\t<div class=\"elementor-element elementor-element-7a8da8a elementor-widget elementor-widget-heading\" data-id=\"7a8da8a\" data-element_type=\"widget\" data-widget_type=\"heading.default\">\n\t\t\t\t<div class=\"elementor-widget-container\">\n\t\t\t<h2 class=\"elementor-heading-title elementor-size-default\">A\u00e7\u00facar VHP<\/h2>\t\t<\/div>\n\t\t\t\t<\/div>\n\t\t\t\t<div class=\"elementor-element elementor-element-37aed6f elementor-widget elementor-widget-text-editor\" data-id=\"37aed6f\" data-element_type=\"widget\" data-widget_type=\"text-editor.default\">\n\t\t\t\t<div class=\"elementor-widget-container\">\n\t\t\t\t\t\t\t\t<p style=\"text-align: justify;\"><span style=\"font-size: 10.0pt; font-family: 'Verdana',sans-serif;\">O VHP(Very High Polarization) \u00e9 o a\u00e7\u00facar bruto, semelhante ao Demerara, por\u00e9m com menos mel e com umidade menor. Pode ser transformado em v\u00e1rios tipos de a\u00e7\u00facar para consumo.<br \/>Sua umidade \u00e9 bem baixa, 0,10%, ideal para exporta\u00e7\u00e3o.<o:p><\/o:p><\/span><\/p>\t\t\t\t\t\t<\/div>\n\t\t\t\t<\/div>\n\t\t\t\t\t<\/div>\n\t\t<\/div>\n\t\t\t\t<div class=\"elementor-column elementor-col-50 elementor-top-column elementor-element elementor-element-3b7e8a3\" data-id=\"3b7e8a3\" data-element_type=\"column\">\n\t\t\t<div class=\"elementor-widget-wrap elementor-element-populated\">\n\t\t\t\t\t\t\t\t<div class=\"elementor-element elementor-element-1f08668 elementor-widget elementor-widget-image\" data-id=\"1f08668\" data-element_type=\"widget\" data-widget_type=\"image.default\">\n\t\t\t\t<div class=\"elementor-widget-container\">\n\t\t\t\t\t\t\t\t\t\t\t\t\t\t\t<img width=\"750\" height=\"500\" src=\"https:\/\/usinapalmares.com.br\/wp-content\/uploads\/2021\/09\/vhp-1024x683.jpg\" class=\"attachment-large size-large\" alt=\"\" decoding=\"async\" loading=\"lazy\" srcset=\"https:\/\/usinapalmares.com.br\/wp-content\/uploads\/2021\/09\/vhp-1024x683.jpg 1024w, https:\/\/usinapalmares.com.br\/wp-content\/uploads\/2021\/09\/vhp-300x200.jpg 300w, https:\/\/usinapalmares.com.br\/wp-content\/uploads\/2021\/09\/vhp-768x512.jpg 768w, https:\/\/usinapalmares.com.br\/wp-content\/uploads\/2021\/09\/vhp-360x240.jpg 360w, https:\/\/usinapalmares.com.br\/wp-content\/uploads\/2021\/09\/vhp.jpg 1280w\" sizes=\"(max-width: 750px) 100vw, 750px\" \/>\t\t\t\t\t\t\t\t\t\t\t\t\t\t\t<\/div>\n\t\t\t\t<\/div>\n\t\t\t\t\t<\/div>\n\t\t<\/div>\n\t\t\t\t\t\t\t<\/div>\n\t\t<\/section>\n\t\t\t\t<section class=\"elementor-section elementor-top-section elementor-element elementor-element-fb136cd elementor-section-boxed elementor-section-height-default elementor-section-height-default\" data-id=\"fb136cd\" data-element_type=\"section\">\n\t\t\t\t\t\t<div class=\"elementor-container elementor-column-gap-default\">\n\t\t\t\t\t<div class=\"elementor-column elementor-col-50 elementor-top-column elementor-element elementor-element-1f7b08c\" data-id=\"1f7b08c\" data-element_type=\"column\">\n\t\t\t<div class=\"elementor-widget-wrap elementor-element-populated\">\n\t\t\t\t\t\t\t\t<div class=\"elementor-element elementor-element-9f6f76f elementor-widget elementor-widget-image\" data-id=\"9f6f76f\" data-element_type=\"widget\" data-widget_type=\"image.default\">\n\t\t\t\t<div class=\"elementor-widget-container\">\n\t\t\t\t\t\t\t\t\t\t\t\t\t\t\t<img width=\"750\" height=\"443\" src=\"https:\/\/usinapalmares.com.br\/wp-content\/uploads\/2021\/09\/melaco.jpg\" class=\"attachment-large size-large\" alt=\"\" decoding=\"async\" loading=\"lazy\" srcset=\"https:\/\/usinapalmares.com.br\/wp-content\/uploads\/2021\/09\/melaco.jpg 800w, https:\/\/usinapalmares.com.br\/wp-content\/uploads\/2021\/09\/melaco-300x177.jpg 300w, https:\/\/usinapalmares.com.br\/wp-content\/uploads\/2021\/09\/melaco-768x454.jpg 768w\" sizes=\"(max-width: 750px) 100vw, 750px\" \/>\t\t\t\t\t\t\t\t\t\t\t\t\t\t\t<\/div>\n\t\t\t\t<\/div>\n\t\t\t\t\t<\/div>\n\t\t<\/div>\n\t\t\t\t<div class=\"elementor-column elementor-col-50 elementor-top-column elementor-element elementor-element-e44d6ec\" data-id=\"e44d6ec\" data-element_type=\"column\">\n\t\t\t<div class=\"elementor-widget-wrap elementor-element-populated\">\n\t\t\t\t\t\t\t\t<div class=\"elementor-element elementor-element-8dcedde elementor-widget elementor-widget-heading\" data-id=\"8dcedde\" data-element_type=\"widget\" data-widget_type=\"heading.default\">\n\t\t\t\t<div class=\"elementor-widget-container\">\n\t\t\t<h2 class=\"elementor-heading-title elementor-size-default\">Mela\u00e7o<\/h2>\t\t<\/div>\n\t\t\t\t<\/div>\n\t\t\t\t<div class=\"elementor-element elementor-element-ffc0c52 elementor-widget elementor-widget-text-editor\" data-id=\"ffc0c52\" data-element_type=\"widget\" data-widget_type=\"text-editor.default\">\n\t\t\t\t<div class=\"elementor-widget-container\">\n\t\t\t\t\t\t\t\t<p style=\"text-align: justify;\"><span style=\"font-size: 10.0pt; font-family: 'Verdana',sans-serif;\">Mel com baixa concentrac<\/span><span style=\"font-size: 10.0pt; font-family: 'Arial',sans-serif;\">\u0327<\/span><span style=\"font-size: 10.0pt; font-family: 'Verdana',sans-serif;\">a\u0303o de ac<\/span><span style=\"font-size: 10.0pt; font-family: 'Arial',sans-serif;\">\u0327<\/span><span style=\"font-size: 10.0pt; font-family: 'Verdana',sans-serif;\">u\u0301car, geralmente utilizado para destilac<\/span><span style=\"font-size: 10.0pt; font-family: 'Arial',sans-serif;\">\u0327<\/span><span style=\"font-size: 10.0pt; font-family: 'Verdana',sans-serif;\">a\u0303o do etanol ou para alimentac<\/span><span style=\"font-size: 10.0pt; font-family: 'Arial',sans-serif;\">\u0327<\/span><span style=\"font-size: 10.0pt; font-family: 'Verdana',sans-serif;\">a\u0303o animal.<o:p><\/o:p><\/span><\/p>\t\t\t\t\t\t<\/div>\n\t\t\t\t<\/div>\n\t\t\t\t\t<\/div>\n\t\t<\/div>\n\t\t\t\t\t\t\t<\/div>\n\t\t<\/section>\n\t\t\t\t<section class=\"elementor-section elementor-top-section elementor-element elementor-element-087d25e elementor-section-boxed elementor-section-height-default elementor-section-height-default\" data-id=\"087d25e\" data-element_type=\"section\">\n\t\t\t\t\t\t<div class=\"elementor-container elementor-column-gap-default\">\n\t\t\t\t\t<div class=\"elementor-column elementor-col-50 elementor-top-column elementor-element elementor-element-a3b41de\" data-id=\"a3b41de\" data-element_type=\"column\">\n\t\t\t<div class=\"elementor-widget-wrap elementor-element-populated\">\n\t\t\t\t\t\t\t\t<div class=\"elementor-element elementor-element-c20868d elementor-widget elementor-widget-heading\" data-id=\"c20868d\" data-element_type=\"widget\" data-widget_type=\"heading.default\">\n\t\t\t\t<div class=\"elementor-widget-container\">\n\t\t\t<h2 class=\"elementor-heading-title elementor-size-default\">Energia El\u00e9trica<\/h2>\t\t<\/div>\n\t\t\t\t<\/div>\n\t\t\t\t<div class=\"elementor-element elementor-element-c255034 elementor-widget elementor-widget-text-editor\" data-id=\"c255034\" data-element_type=\"widget\" data-widget_type=\"text-editor.default\">\n\t\t\t\t<div class=\"elementor-widget-container\">\n\t\t\t\t\t\t\t\t<p style=\"text-align: justify;\"><span style=\"font-size: 10.0pt; font-family: 'Verdana',sans-serif;\">Produto originado a partir da queima do bagac<\/span><span style=\"font-size: 10.0pt; font-family: 'Arial',sans-serif;\">\u0327<\/span><span style=\"font-size: 10.0pt; font-family: 'Verdana',sans-serif;\">o da cana (biomassa). E\u0301 utilizada pela pro\u0301pria unidade industrial e seu excedente e\u0301 vendido a\u0300s concessiona\u0301rias de energia.<o:p><\/o:p><\/span><\/p>\t\t\t\t\t\t<\/div>\n\t\t\t\t<\/div>\n\t\t\t\t\t<\/div>\n\t\t<\/div>\n\t\t\t\t<div class=\"elementor-column elementor-col-50 elementor-top-column elementor-element elementor-element-7ed8eaf\" data-id=\"7ed8eaf\" data-element_type=\"column\">\n\t\t\t<div class=\"elementor-widget-wrap elementor-element-populated\">\n\t\t\t\t\t\t\t\t<div class=\"elementor-element elementor-element-61d815b elementor-widget elementor-widget-image\" data-id=\"61d815b\" data-element_type=\"widget\" data-widget_type=\"image.default\">\n\t\t\t\t<div class=\"elementor-widget-container\">\n\t\t\t\t\t\t\t\t\t\t\t\t\t\t\t<img width=\"750\" height=\"499\" src=\"https:\/\/usinapalmares.com.br\/wp-content\/uploads\/2021\/09\/usina-contrata-tecnicos-1-1024x681.jpg\" class=\"attachment-large size-large\" alt=\"\" decoding=\"async\" loading=\"lazy\" srcset=\"https:\/\/usinapalmares.com.br\/wp-content\/uploads\/2021\/09\/usina-contrata-tecnicos-1-1024x681.jpg 1024w, https:\/\/usinapalmares.com.br\/wp-content\/uploads\/2021\/09\/usina-contrata-tecnicos-1-300x200.jpg 300w, https:\/\/usinapalmares.com.br\/wp-content\/uploads\/2021\/09\/usina-contrata-tecnicos-1-768x511.jpg 768w, https:\/\/usinapalmares.com.br\/wp-content\/uploads\/2021\/09\/usina-contrata-tecnicos-1-1536x1021.jpg 1536w, https:\/\/usinapalmares.com.br\/wp-content\/uploads\/2021\/09\/usina-contrata-tecnicos-1-360x240.jpg 360w, https:\/\/usinapalmares.com.br\/wp-content\/uploads\/2021\/09\/usina-contrata-tecnicos-1.jpg 1600w\" sizes=\"(max-width: 750px) 100vw, 750px\" \/>\t\t\t\t\t\t\t\t\t\t\t\t\t\t\t<\/div>\n\t\t\t\t<\/div>\n\t\t\t\t\t<\/div>\n\t\t<\/div>\n\t\t\t\t\t\t\t<\/div>\n\t\t<\/section>\n\t\t\t\t\t\t<\/div>\n\t\t\t\t\t<\/div>\n\t\t","protected":false},"excerpt":{"rendered":"<p>A\u00e7\u00facar IC-150 O A\u00e7\u00facar Cristal 150 \u00e9 um a\u00e7\u00facar com cristais grandes e transparentes, dif\u00edceis de serem dissolvidos em \u00e1gua.Depois do cozimento, ele passa apenas por um refinamento leve, que retira \u201cs\u00f3\u201d 90% dos sais minerais. Ele n\u00e3o muda de cor quando submetido a altas temperaturas.E\u0301 um ac\u0327u\u0301car mais elaborado. [&hellip;]<\/p>\n","protected":false},"author":1,"featured_media":0,"parent":0,"menu_order":0,"comment_status":"closed","ping_status":"closed","template":"page-templates\/template-pagebuilder-full-width.php","meta":{"om_disable_all_campaigns":false,"_monsterinsights_skip_tracking":false,"_monsterinsights_sitenote_active":false,"_monsterinsights_sitenote_note":"","_monsterinsights_sitenote_category":0},"_links":{"self":[{"href":"https:\/\/usinapalmares.com.br\/index.php\/wp-json\/wp\/v2\/pages\/4554"}],"collection":[{"href":"https:\/\/usinapalmares.com.br\/index.php\/wp-json\/wp\/v2\/pages"}],"about":[{"href":"https:\/\/usinapalmares.com.br\/index.php\/wp-json\/wp\/v2\/types\/page"}],"author":[{"embeddable":true,"href":"https:\/\/usinapalmares.com.br\/index.php\/wp-json\/wp\/v2\/users\/1"}],"replies":[{"embeddable":true,"href":"https:\/\/usinapalmares.com.br\/index.php\/wp-json\/wp\/v2\/comments?post=4554"}],"version-history":[{"count":10,"href":"https:\/\/usinapalmares.com.br\/index.php\/wp-json\/wp\/v2\/pages\/4554\/revisions"}],"predecessor-version":[{"id":4569,"href":"https:\/\/usinapalmares.com.br\/index.php\/wp-json\/wp\/v2\/pages\/4554\/revisions\/4569"}],"wp:attachment":[{"href":"https:\/\/usinapalmares.com.br\/index.php\/wp-json\/wp\/v2\/media?parent=4554"}],"curies":[{"name":"wp","href":"https:\/\/api.w.org\/{rel}","templated":true}]}}